{"id":107,"date":"2022-02-21T15:38:09","date_gmt":"2022-02-21T15:38:09","guid":{"rendered":"https:\/\/next.artworkroomgallery.com\/?page_id=107"},"modified":"2022-04-03T12:35:25","modified_gmt":"2022-04-03T12:35:25","slug":"who-am-i-speaking-to","status":"publish","type":"page","link":"https:\/\/artworkroomgallery.com\/?page_id=107","title":{"rendered":"Who am I speaking to?"},"content":{"rendered":"\n<p class=\"has-white-color has-text-color\" style=\"font-size:25px\">Christian Falkner<\/p>\n\n\n\n<p class=\"has-white-color has-text-color\" style=\"font-size:25px\">01.10.-15.10.2016<\/p>\n\n\n\n<p class=\"has-white-color has-text-color\">Who am I speaking to?<br>It should be an answer to whatever.<br>It should be an idea of something.<br>It should be a question to whomsoever.<\/p>\n\n\n\n<figure class=\"wp-block-image size-large\"><img loading=\"lazy\" width=\"1024\" height=\"577\" src=\"https:\/\/artworkroomgallery.com\/wp-content\/uploads\/2022\/02\/cropped-IMG_20160930_160530-1-1024x577.jpg\" alt=\"\" class=\"wp-image-62\" srcset=\"https:\/\/artworkroomgallery.com\/wp-content\/uploads\/2022\/02\/cropped-IMG_20160930_160530-1-1024x577.jpg 1024w, https:\/\/artworkroomgallery.com\/wp-content\/uploads\/2022\/02\/cropped-IMG_20160930_160530-1-300x169.jpg 300w, https:\/\/artworkroomgallery.com\/wp-content\/uploads\/2022\/02\/cropped-IMG_20160930_160530-1-768x432.jpg 768w, https:\/\/artworkroomgallery.com\/wp-content\/uploads\/2022\/02\/cropped-IMG_20160930_160530-1-1536x865.jpg 1536w, https:\/\/artworkroomgallery.com\/wp-content\/uploads\/2022\/02\/cropped-IMG_20160930_160530-1.jpg 1920w\" sizes=\"(max-width: 1024px) 100vw, 1024px\" \/><\/figure>\n\n\n\n<p class=\"has-white-color has-text-color\">\u201cZu Kunst scheinbar erstarrte Erinnerungen\u201d &#8211; vielleicht k\u00f6nnte man so Christian Falkners Werke beschreiben. Der dokumentarische Aspekt von Fotografie bildet f\u00fcr Falkner den Ausgangspunkt der Bildidee. Die in diesem Medium gesammelte Vielzahl von Eindr\u00fccken wird in der malerischen Geste, in der \u00dcberlagerung mehrerer Malschichten verunkl\u00e4rt und in imaginierte Seheindr\u00fccke aufgel\u00f6st.<\/p>\n\n\n\n<p class=\"has-white-color has-text-color\">Who am I speaking to? It should be an answer to whatever. It should be an idea of something. It should be a question to whomsoever. Im Fokus dieser malerischen \u201e\u00dcbersetzungsarbeit\u201c stehen daher Erinnerungsprozesse, die sich aus dem Nebeneinander und der Vermischung verschiedener raum-zeitlicher Erfahrungs- und Sehmomente konstituieren. Sch\u00e4rfen wie auch Unsch\u00e4rfen in Bezug zur Realit\u00e4t k\u00f6nnen auf diese Weise sowohl optisch als auch gedanklich Gestalt annehmen. Die Objekte und Momente, die f\u00fcr Falkner zum Motiv werden, befinden sich dabei an der Schnittstelle zum Nicht-Bedeutenden, jeder k\u00f6nnte sie sehen. Ihre Wahrnehmung bzw. Erfahrung befindet sich somit in einem zwischen Objektivit\u00e4t und Subjektivit\u00e4t oszillierenden Zustand.<\/p>\n\n\n\n<p class=\"has-white-color has-text-color\">Licht oder die Lichtverh\u00e4ltnisse, welche die Dinge sichtbar machen, Momente in Farbe tauchen und Stimmung erzeugen, werden dabei Gegenstand der k\u00fcnstlerischen Arbeit und bilden notwendige Bedingungen f\u00fcr den R\u00fcckblick als Versuch des Erinnerns, der eine Erfahrung komplett und nachhaltig werden l\u00e4sst. \u201eArchitektur und st\u00e4dtischer Raum strukturieren die Seherfahrung, die gesellschaftliche Umgebung gibt jene Geschwindigkeit vor, die in meiner Arbeit am Bild entschleunigt wird.\u201c<\/p>\n","protected":false},"excerpt":{"rendered":"<p>Christian Falkner 01.10.-15.10.2016 Who am I speaking to?It should be an answer to whatever.It should be an idea of something.It should be a question to whomsoever. \u201cZu Kunst scheinbar erstarrte<\/p>\n<p class=\"more-link\"><a href=\"https:\/\/artworkroomgallery.com\/?page_id=107\" class=\"readmore\">Continue reading<span class=\"screen-reader-text\">Who am I speaking to?<\/span><\/a><\/p>\n","protected":false},"author":1,"featured_media":0,"parent":0,"menu_order":0,"comment_status":"closed","ping_status":"closed","template":"","meta":[],"_links":{"self":[{"href":"https:\/\/artworkroomgallery.com\/index.php?rest_route=\/wp\/v2\/pages\/107"}],"collection":[{"href":"https:\/\/artworkroomgallery.com\/index.php?rest_route=\/wp\/v2\/pages"}],"about":[{"href":"https:\/\/artworkroomgallery.com\/index.php?rest_route=\/wp\/v2\/types\/page"}],"author":[{"embeddable":true,"href":"https:\/\/artworkroomgallery.com\/index.php?rest_route=\/wp\/v2\/users\/1"}],"replies":[{"embeddable":true,"href":"https:\/\/artworkroomgallery.com\/index.php?rest_route=%2Fwp%2Fv2%2Fcomments&post=107"}],"version-history":[{"count":2,"href":"https:\/\/artworkroomgallery.com\/index.php?rest_route=\/wp\/v2\/pages\/107\/revisions"}],"predecessor-version":[{"id":420,"href":"https:\/\/artworkroomgallery.com\/index.php?rest_route=\/wp\/v2\/pages\/107\/revisions\/420"}],"wp:attachment":[{"href":"https:\/\/artworkroomgallery.com\/index.php?rest_route=%2Fwp%2Fv2%2Fmedia&parent=107"}],"curies":[{"name":"wp","href":"https:\/\/api.w.org\/{rel}","templated":true}]}}