{"id":189,"date":"2022-02-22T16:33:40","date_gmt":"2022-02-22T16:33:40","guid":{"rendered":"https:\/\/next.artworkroomgallery.com\/?page_id=189"},"modified":"2022-04-03T12:34:49","modified_gmt":"2022-04-03T12:34:49","slug":"the-lottie-engine","status":"publish","type":"page","link":"https:\/\/artworkroomgallery.com\/?page_id=189","title":{"rendered":"THE LOTTIE ENGINE"},"content":{"rendered":"\n<p class=\"has-white-color has-text-color\" style=\"font-size:25px\"><strong>Assia Benhassine<\/strong><\/p>\n\n\n\n<p class=\"has-white-color has-text-color\" style=\"font-size:25px\">15.07. &#8211; 30.07.2017<\/p>\n\n\n\n<div class=\"wp-block-image\"><figure class=\"aligncenter size-large is-resized\"><img loading=\"lazy\" src=\"https:\/\/artworkroomgallery.com\/wp-content\/uploads\/2022\/02\/IMG_20170716_153829-1024x768.png\" alt=\"\" class=\"wp-image-190\" width=\"768\" height=\"576\"\/><\/figure><\/div>\n\n\n\n<p class=\"has-white-color has-text-color\">&#8220;Unerwartet plakativ, diese traurige Lebenslust. Die kleine Schneise, die sich zwischen den Fassaden bildet, die unser Auge erm\u00fcden. Lethargie als Explosion, dunkler Raum als Hoffnung. Brutal ist der Alltag in seiner Dekorativit\u00e4t, vollgestopft mit unser aller Bewusstsein, eine sich wiederk\u00e4uende Erinnerung, und dazwischen jenes unbekannte, neue, was einem Urlaub gleichkommt. Wie ein neues Getr\u00e4nk, so unerwartet und erfrischend hat man sich doch immer gew\u00fcnscht, etwas anderes zu trinken\u2026<br><br>Der Moment, der die Ironie des Geschehens in ein seltsames Licht taucht, ist es, der so bizarr anmutet, dass es sich lohnt zweimal hinzusehen.&#8221;<br><\/p>\n\n\n\n<p><\/p>\n\n\n\n<div class=\"wp-block-image\"><figure class=\"aligncenter size-large is-resized\"><img loading=\"lazy\" src=\"https:\/\/artworkroomgallery.com\/wp-content\/uploads\/2022\/03\/IMG_20170716_154136-1024x653.png\" alt=\"\" class=\"wp-image-251\" width=\"768\" height=\"490\"\/><\/figure><\/div>\n","protected":false},"excerpt":{"rendered":"<p>Assia Benhassine 15.07. &#8211; 30.07.2017 &#8220;Unerwartet plakativ, diese traurige Lebenslust. Die kleine Schneise, die sich zwischen den Fassaden bildet, die unser Auge erm\u00fcden. Lethargie als Explosion, dunkler Raum als Hoffnung.<\/p>\n<p class=\"more-link\"><a href=\"https:\/\/artworkroomgallery.com\/?page_id=189\" class=\"readmore\">Continue reading<span class=\"screen-reader-text\">THE LOTTIE ENGINE<\/span><\/a><\/p>\n","protected":false},"author":1,"featured_media":0,"parent":0,"menu_order":0,"comment_status":"closed","ping_status":"closed","template":"","meta":[],"_links":{"self":[{"href":"https:\/\/artworkroomgallery.com\/index.php?rest_route=\/wp\/v2\/pages\/189"}],"collection":[{"href":"https:\/\/artworkroomgallery.com\/index.php?rest_route=\/wp\/v2\/pages"}],"about":[{"href":"https:\/\/artworkroomgallery.com\/index.php?rest_route=\/wp\/v2\/types\/page"}],"author":[{"embeddable":true,"href":"https:\/\/artworkroomgallery.com\/index.php?rest_route=\/wp\/v2\/users\/1"}],"replies":[{"embeddable":true,"href":"https:\/\/artworkroomgallery.com\/index.php?rest_route=%2Fwp%2Fv2%2Fcomments&post=189"}],"version-history":[{"count":3,"href":"https:\/\/artworkroomgallery.com\/index.php?rest_route=\/wp\/v2\/pages\/189\/revisions"}],"predecessor-version":[{"id":418,"href":"https:\/\/artworkroomgallery.com\/index.php?rest_route=\/wp\/v2\/pages\/189\/revisions\/418"}],"wp:attachment":[{"href":"https:\/\/artworkroomgallery.com\/index.php?rest_route=%2Fwp%2Fv2%2Fmedia&parent=189"}],"curies":[{"name":"wp","href":"https:\/\/api.w.org\/{rel}","templated":true}]}}