{"id":197,"date":"2022-02-22T16:40:50","date_gmt":"2022-02-22T16:40:50","guid":{"rendered":"https:\/\/next.artworkroomgallery.com\/?page_id=197"},"modified":"2022-04-03T12:31:52","modified_gmt":"2022-04-03T12:31:52","slug":"zuletzt-sah-man-die-sterne","status":"publish","type":"page","link":"https:\/\/artworkroomgallery.com\/?page_id=197","title":{"rendered":"Zuletzt sah man die Sterne"},"content":{"rendered":"\n<p class=\"has-white-color has-text-color\" style=\"font-size:25px\">Peco Kawashima<\/p>\n\n\n\n<p class=\"has-white-color has-text-color\" style=\"font-size:25px\">02.09. &#8211; 17.09.2017<\/p>\n\n\n\n<div class=\"wp-block-image\"><figure class=\"aligncenter size-large\"><img loading=\"lazy\" width=\"1024\" height=\"768\" src=\"https:\/\/artworkroomgallery.com\/wp-content\/uploads\/2022\/02\/IMG_20170901_175345-1024x768.png\" alt=\"\" class=\"wp-image-225\"\/><\/figure><\/div>\n\n\n\n<p class=\"has-white-color has-text-color\">Peco Kawashima besch\u00e4ftigt sich mit den Eigenschaften, der Struktur und dem Ausdruck von unterschiedlichem Material und manipuliert die Pr\u00e4senz des Materials im Raum. Ebenso werden Vorstellungen von Objekten und W\u00f6rtern thematisiert, welche \u201emehr rund als eckig, eher eine Kurve als eine Gerade\u201c sind und eine organische statt geometrische Form haben. Eine gro\u00dfe Rolle spielen auch gesammelte Erfahrungen, auf deren Basis die Ideen der Kunstwerke entwickelt werden.<\/p>\n\n\n\n<p class=\"has-white-color has-text-color\">Die Kunstwerke setzen sich mit den allt\u00e4glichen Erfahrungen auseinander, dem neu Erlernten und stellen die Frage \u201eIst alles so, wie es zu sein scheint, oder vielleicht doch anders?\u201c Somit wird in den Arbeiten eben Erlerntes und Erfahrenes infrage gestellt, mit der Absicht, alternative Sichtweisen hervorzurufen. \u201eIch kann wahrscheinlich niemanden \u00e4ndern, aber vielleicht kann Kunst Menschen eine neue Sicht auf die Dinge erm\u00f6glichen\u201c.<\/p>\n\n\n\n<div style=\"height:17px\" aria-hidden=\"true\" class=\"wp-block-spacer\"><\/div>\n\n\n\n<div class=\"wp-block-image\"><figure class=\"aligncenter size-large is-resized\"><img loading=\"lazy\" src=\"https:\/\/artworkroomgallery.com\/wp-content\/uploads\/2022\/02\/11vielleicht-1_2-1024x690.png\" alt=\"\" class=\"wp-image-242\" width=\"512\" height=\"345\"\/><\/figure><\/div>\n","protected":false},"excerpt":{"rendered":"<p>Peco Kawashima 02.09. &#8211; 17.09.2017 Peco Kawashima besch\u00e4ftigt sich mit den Eigenschaften, der Struktur und dem Ausdruck von unterschiedlichem Material und manipuliert die Pr\u00e4senz des Materials im Raum. Ebenso werden<\/p>\n<p class=\"more-link\"><a href=\"https:\/\/artworkroomgallery.com\/?page_id=197\" class=\"readmore\">Continue reading<span class=\"screen-reader-text\">Zuletzt sah man die Sterne<\/span><\/a><\/p>\n","protected":false},"author":1,"featured_media":0,"parent":0,"menu_order":0,"comment_status":"closed","ping_status":"closed","template":"","meta":[],"_links":{"self":[{"href":"https:\/\/artworkroomgallery.com\/index.php?rest_route=\/wp\/v2\/pages\/197"}],"collection":[{"href":"https:\/\/artworkroomgallery.com\/index.php?rest_route=\/wp\/v2\/pages"}],"about":[{"href":"https:\/\/artworkroomgallery.com\/index.php?rest_route=\/wp\/v2\/types\/page"}],"author":[{"embeddable":true,"href":"https:\/\/artworkroomgallery.com\/index.php?rest_route=\/wp\/v2\/users\/1"}],"replies":[{"embeddable":true,"href":"https:\/\/artworkroomgallery.com\/index.php?rest_route=%2Fwp%2Fv2%2Fcomments&post=197"}],"version-history":[{"count":3,"href":"https:\/\/artworkroomgallery.com\/index.php?rest_route=\/wp\/v2\/pages\/197\/revisions"}],"predecessor-version":[{"id":413,"href":"https:\/\/artworkroomgallery.com\/index.php?rest_route=\/wp\/v2\/pages\/197\/revisions\/413"}],"wp:attachment":[{"href":"https:\/\/artworkroomgallery.com\/index.php?rest_route=%2Fwp%2Fv2%2Fmedia&parent=197"}],"curies":[{"name":"wp","href":"https:\/\/api.w.org\/{rel}","templated":true}]}}