{"id":211,"date":"2022-02-22T16:52:31","date_gmt":"2022-02-22T16:52:31","guid":{"rendered":"https:\/\/next.artworkroomgallery.com\/?page_id=211"},"modified":"2022-04-03T12:33:17","modified_gmt":"2022-04-03T12:33:17","slug":"new-wine-in-old-bottles","status":"publish","type":"page","link":"https:\/\/artworkroomgallery.com\/?page_id=211","title":{"rendered":"New Wine in Old Bottles"},"content":{"rendered":"\n<p class=\"has-white-color has-text-color\" style=\"font-size:25px\">Gin Bahc<\/p>\n\n\n\n<p class=\"has-white-color has-text-color\" style=\"font-size:25px\">29.06. &#8211; 21.07.2018<\/p>\n\n\n\n<div class=\"wp-block-image\"><figure class=\"aligncenter size-large is-resized\"><img loading=\"lazy\" src=\"https:\/\/artworkroomgallery.com\/wp-content\/uploads\/2022\/02\/Gin-FG-1024x768.png\" alt=\"\" class=\"wp-image-212\" width=\"768\" height=\"576\"\/><\/figure><\/div>\n\n\n\n<p class=\"has-white-color has-text-color\">Ein wichtiges Motiv und Inspiration f\u00fcr diese Ausstellung war f\u00fcr mich die starke symbolische Rolle, die der Wein im christlichen Glauben und der Eucharistie innehat. Der Titel der Ausstellung ist also ganz w\u00f6rtlich zu nehmen, als direkte \u00dcbertragung des Biblezitats vom \u201cneuen Wein in alten Schl\u00e4uchen\u201d.<\/p>\n\n\n\n<p class=\"has-white-color has-text-color\">Mich interessiert weiter vor allem der Komplex von Liebe, Opfer und Erl\u00f6sung, auch in seiner profanen Form. Wie Liebe oft ein St\u00fcck weit als Selbstopferung erlebt wird, aber gleichzeitig als Notwendigkeit und Erf\u00fcllung f\u00fcr das eigene Leben. Die Ausstellung ist meine Ann\u00e4herung an dieses f\u00fcr die Kunst und das Leben so unersch\u00f6pfliche Thema.<\/p>\n\n\n\n<div style=\"height:41px\" aria-hidden=\"true\" class=\"wp-block-spacer\"><\/div>\n\n\n\n<div class=\"wp-block-image\"><figure class=\"aligncenter size-large is-resized\"><img loading=\"lazy\" src=\"https:\/\/artworkroomgallery.com\/wp-content\/uploads\/2022\/02\/IMG_20180721_145937-1024x685.png\" alt=\"\" class=\"wp-image-238\" width=\"512\" height=\"343\"\/><\/figure><\/div>\n\n\n\n<div class=\"wp-block-image\"><figure class=\"aligncenter size-large is-resized\"><img loading=\"lazy\" src=\"https:\/\/artworkroomgallery.com\/wp-content\/uploads\/2022\/02\/12-1024x1024.png\" alt=\"\" class=\"wp-image-46\" width=\"512\" height=\"512\"\/><\/figure><\/div>\n","protected":false},"excerpt":{"rendered":"<p>Gin Bahc 29.06. &#8211; 21.07.2018 Ein wichtiges Motiv und Inspiration f\u00fcr diese Ausstellung war f\u00fcr mich die starke symbolische Rolle, die der Wein im christlichen Glauben und der Eucharistie innehat.<\/p>\n<p class=\"more-link\"><a href=\"https:\/\/artworkroomgallery.com\/?page_id=211\" class=\"readmore\">Continue reading<span class=\"screen-reader-text\">New Wine in Old Bottles<\/span><\/a><\/p>\n","protected":false},"author":1,"featured_media":0,"parent":0,"menu_order":0,"comment_status":"closed","ping_status":"closed","template":"","meta":[],"_links":{"self":[{"href":"https:\/\/artworkroomgallery.com\/index.php?rest_route=\/wp\/v2\/pages\/211"}],"collection":[{"href":"https:\/\/artworkroomgallery.com\/index.php?rest_route=\/wp\/v2\/pages"}],"about":[{"href":"https:\/\/artworkroomgallery.com\/index.php?rest_route=\/wp\/v2\/types\/page"}],"author":[{"embeddable":true,"href":"https:\/\/artworkroomgallery.com\/index.php?rest_route=\/wp\/v2\/users\/1"}],"replies":[{"embeddable":true,"href":"https:\/\/artworkroomgallery.com\/index.php?rest_route=%2Fwp%2Fv2%2Fcomments&post=211"}],"version-history":[{"count":4,"href":"https:\/\/artworkroomgallery.com\/index.php?rest_route=\/wp\/v2\/pages\/211\/revisions"}],"predecessor-version":[{"id":415,"href":"https:\/\/artworkroomgallery.com\/index.php?rest_route=\/wp\/v2\/pages\/211\/revisions\/415"}],"wp:attachment":[{"href":"https:\/\/artworkroomgallery.com\/index.php?rest_route=%2Fwp%2Fv2%2Fmedia&parent=211"}],"curies":[{"name":"wp","href":"https:\/\/api.w.org\/{rel}","templated":true}]}}