{"id":222,"date":"2022-02-22T17:06:53","date_gmt":"2022-02-22T17:06:53","guid":{"rendered":"https:\/\/next.artworkroomgallery.com\/?page_id=222"},"modified":"2022-04-03T12:33:48","modified_gmt":"2022-04-03T12:33:48","slug":"portals","status":"publish","type":"page","link":"https:\/\/artworkroomgallery.com\/?page_id=222","title":{"rendered":"Portals"},"content":{"rendered":"\n<p class=\"has-white-color has-text-color\" style=\"font-size:25px\">Desir\u00e9e Eppele<\/p>\n\n\n\n<p class=\"has-white-color has-text-color\" style=\"font-size:25px\">16.08. &#8211; 01.09.2019<\/p>\n\n\n\n<div class=\"wp-block-image\"><figure class=\"aligncenter size-large is-resized\"><img loading=\"lazy\" src=\"https:\/\/artworkroomgallery.com\/wp-content\/uploads\/2022\/02\/DSC0260-1024x678.jpg\" alt=\"\" class=\"wp-image-49\" width=\"768\" height=\"509\"\/><\/figure><\/div>\n\n\n\n<div style=\"height:20px\" aria-hidden=\"true\" class=\"wp-block-spacer\"><\/div>\n\n\n\n<p class=\"has-white-color has-text-color\">In der Ausstellung \u201ePortals\u201c l\u00e4sst die K\u00fcnstlerin Desir\u00e9e Eppele Erinnerungen als Bruchst\u00fccke einer Realit\u00e4t miteinander verschwimmen. Die Malereien und Portraits sind auf Plastikfolie gemalt und so installiert, dass ihre Transparenz die Motive und Farben je nach Position im Raum anders erscheinen l\u00e4sst. Sie dienen als mentale Portale einer vergangenen Zeit, welche die Wahrnehmung der Gegenwart pr\u00e4gen und die Zukunft beeinflussen.<\/p>\n\n\n\n<p class=\"has-white-color has-text-color\">Da die K\u00fcnstlerin vorwiegend Installationen ausstellt und in der Malerei abstrakt oder expressiv arbeitet, ist der Einsatz der fig\u00fcrlichen Malerei ein weiteres Mittel um ein Portal in die Vergangenheit zu \u00f6ffnen. 2012 hat sie mit Aquarellportraits an der Staatlichen Akademie der Bildenden K\u00fcnste Karlsruhe bei Prof. Franz Ackermann mit ihrem Studium begonnen und hat sich ab 2014 mit Abstraktion, Expression, und Raum-Installationen besch\u00e4ftigt. Nun als Deb\u00fctantin rezitiert sie sich f\u00fcr \u201ePortals\u201c selbst, allerdings kombiniert sie dies mit dem installativen Charakter ihrer gegenw\u00e4rtigen Arbeit.<\/p>\n\n\n\n<p class=\"has-white-color has-text-color\">Als Gegenst\u00fcck dazu dient die schwarz-wei\u00dfe Tuschemalerei-Serie \u201eDoors\u201c im kleinen Galerie-Raum. Die vier Gem\u00e4lde sind exakt so gro\u00df wie die Eingangst\u00fcr und greifen Elemente ihres Aufbaus und ihres ornamentalen Reliefs auf. So wirken diese wie vier abgespaltene Versionen der Eingangst\u00fcr. Trotz des fig\u00fcrlichen Themas sind die Malereien abstrakter als die gewohnten Tuschemalereien der K\u00fcnstlerin. Wo sich sonst noch angedeutete Figuren erkennen lassen, sind hier nur diffuse Nebelschwaden, so als h\u00e4tte man die T\u00fcr einer Sichtbarkeit geschlossen. <\/p>\n\n\n\n<div class=\"wp-block-image\"><figure class=\"aligncenter size-large is-resized\"><img loading=\"lazy\" src=\"https:\/\/artworkroomgallery.com\/wp-content\/uploads\/2022\/02\/DSC0144-1024x678.jpg\" alt=\"\" class=\"wp-image-53\" width=\"768\" height=\"509\"\/><\/figure><\/div>\n\n\n\n<div class=\"wp-block-image\"><figure class=\"aligncenter size-large is-resized\"><img loading=\"lazy\" src=\"https:\/\/artworkroomgallery.com\/wp-content\/uploads\/2022\/02\/DSC0178-1024x713.png\" alt=\"\" class=\"wp-image-223\" width=\"768\" height=\"535\" srcset=\"https:\/\/artworkroomgallery.com\/wp-content\/uploads\/2022\/02\/DSC0178-1024x713.png 1024w, https:\/\/artworkroomgallery.com\/wp-content\/uploads\/2022\/02\/DSC0178-300x209.png 300w, https:\/\/artworkroomgallery.com\/wp-content\/uploads\/2022\/02\/DSC0178-768x535.png 768w, https:\/\/artworkroomgallery.com\/wp-content\/uploads\/2022\/02\/DSC0178-1536x1070.png 1536w, https:\/\/artworkroomgallery.com\/wp-content\/uploads\/2022\/02\/DSC0178.png 1632w\" sizes=\"(max-width: 768px) 100vw, 768px\" \/><\/figure><\/div>\n","protected":false},"excerpt":{"rendered":"<p>Desir\u00e9e Eppele 16.08. &#8211; 01.09.2019 In der Ausstellung \u201ePortals\u201c l\u00e4sst die K\u00fcnstlerin Desir\u00e9e Eppele Erinnerungen als Bruchst\u00fccke einer Realit\u00e4t miteinander verschwimmen. Die Malereien und Portraits sind auf Plastikfolie gemalt und<\/p>\n<p class=\"more-link\"><a href=\"https:\/\/artworkroomgallery.com\/?page_id=222\" class=\"readmore\">Continue reading<span class=\"screen-reader-text\">Portals<\/span><\/a><\/p>\n","protected":false},"author":1,"featured_media":0,"parent":0,"menu_order":0,"comment_status":"closed","ping_status":"closed","template":"","meta":[],"_links":{"self":[{"href":"https:\/\/artworkroomgallery.com\/index.php?rest_route=\/wp\/v2\/pages\/222"}],"collection":[{"href":"https:\/\/artworkroomgallery.com\/index.php?rest_route=\/wp\/v2\/pages"}],"about":[{"href":"https:\/\/artworkroomgallery.com\/index.php?rest_route=\/wp\/v2\/types\/page"}],"author":[{"embeddable":true,"href":"https:\/\/artworkroomgallery.com\/index.php?rest_route=\/wp\/v2\/users\/1"}],"replies":[{"embeddable":true,"href":"https:\/\/artworkroomgallery.com\/index.php?rest_route=%2Fwp%2Fv2%2Fcomments&post=222"}],"version-history":[{"count":5,"href":"https:\/\/artworkroomgallery.com\/index.php?rest_route=\/wp\/v2\/pages\/222\/revisions"}],"predecessor-version":[{"id":416,"href":"https:\/\/artworkroomgallery.com\/index.php?rest_route=\/wp\/v2\/pages\/222\/revisions\/416"}],"wp:attachment":[{"href":"https:\/\/artworkroomgallery.com\/index.php?rest_route=%2Fwp%2Fv2%2Fmedia&parent=222"}],"curies":[{"name":"wp","href":"https:\/\/api.w.org\/{rel}","templated":true}]}}