{"id":451,"date":"2025-08-22T09:47:19","date_gmt":"2025-08-22T09:47:19","guid":{"rendered":"https:\/\/artworkroomgallery.com\/?page_id=451"},"modified":"2025-08-22T10:14:08","modified_gmt":"2025-08-22T10:14:08","slug":"vivian-eckstein","status":"publish","type":"page","link":"https:\/\/artworkroomgallery.com\/?page_id=451","title":{"rendered":"Vivian Eckstein"},"content":{"rendered":"<div class=\"wp-block-image\">\n<figure class=\"aligncenter size-full\"><img src=\"https:\/\/artworkroomgallery.com\/wp-content\/uploads\/2025\/08\/Vivian-round-thumbnail.png\" alt=\"\" class=\"wp-image-261\"\/><\/figure><\/div>\n\n\n<p class=\"has-text-align-center has-white-color has-text-color has-small-font-size\">Foto: ato<\/p>\n\n\n\n<p class=\"has-white-color has-text-color\">Vivian Ecksteins Oeuvre umfasst raumgreifende, labyrinthartig gespannte Installationen, durch die sie Performende sich bewegen l\u00e4sst, sowie von handgefertigten Kost\u00fcme, M\u00e4ntel und Masken, die sie als tragbare Objekte bezeichnet. Diese sind sehr oft mit&nbsp;ihrem eigenen Haar gef\u00fcttert und kommen in ihren Malereien als Bekleidung&nbsp;vor. Figurative Malerei ist das Hauptaugenmerk Ecksteins und stets der&nbsp;Startpunkt f\u00fcr alle weiteren Arbeiten. Auf der Leinwand entstehen Szenen und&nbsp;Momente, die sich aus Alltagssituationen und Traum- bzw. Albtraumhaftem&nbsp;gleicherma\u00dfen zusammensetzen.&nbsp;<\/p>\n\n\n\n<p class=\"has-white-color has-text-color\">Die K\u00fcnstlerin erforscht das Verh\u00e4ltnis zum eigenen K\u00f6rper als Frau,&nbsp;gesellschaftliche Rollen und zwischenmenschliche Begegnung.&nbsp;Identit\u00e4t und die Ambivalenz von Wahrnehmung sind zentrale Fragen, die&nbsp;Eckstein durch Farbe, Symbolik, Surrealismus und die ihr eigene Materialit\u00e4t&nbsp;und Poesie auf expressive Weise zum Ausdruck bringt.<\/p>\n\n\n\n<p class=\"has-text-color\" style=\"color:#ff9eb9\">Eine Auswahl der Werke von <a href=\"https:\/\/ato.vision\/artists\/vivian-eckstein\">Vivian Eckstein<\/a> k\u00f6nnen \u00fcber <a href=\"https:\/\/ato.vision\/artworks?artist=vivian-eckstein&amp;type=Kunstwerk\">ato Vision<\/a> vermittelt werden. <\/p>\n","protected":false},"excerpt":{"rendered":"<p>Foto: ato Vivian Ecksteins Oeuvre umfasst raumgreifende, labyrinthartig gespannte Installationen, durch die sie Performende sich bewegen l\u00e4sst, sowie von handgefertigten Kost\u00fcme, M\u00e4ntel und Masken, die sie als tragbare Objekte bezeichnet.<\/p>\n<p class=\"more-link\"><a href=\"https:\/\/artworkroomgallery.com\/?page_id=451\" class=\"readmore\">Continue reading<span class=\"screen-reader-text\">Vivian Eckstein<\/span><\/a><\/p>\n","protected":false},"author":1,"featured_media":0,"parent":0,"menu_order":0,"comment_status":"closed","ping_status":"closed","template":"","meta":[],"_links":{"self":[{"href":"https:\/\/artworkroomgallery.com\/index.php?rest_route=\/wp\/v2\/pages\/451"}],"collection":[{"href":"https:\/\/artworkroomgallery.com\/index.php?rest_route=\/wp\/v2\/pages"}],"about":[{"href":"https:\/\/artworkroomgallery.com\/index.php?rest_route=\/wp\/v2\/types\/page"}],"author":[{"embeddable":true,"href":"https:\/\/artworkroomgallery.com\/index.php?rest_route=\/wp\/v2\/users\/1"}],"replies":[{"embeddable":true,"href":"https:\/\/artworkroomgallery.com\/index.php?rest_route=%2Fwp%2Fv2%2Fcomments&post=451"}],"version-history":[{"count":5,"href":"https:\/\/artworkroomgallery.com\/index.php?rest_route=\/wp\/v2\/pages\/451\/revisions"}],"predecessor-version":[{"id":462,"href":"https:\/\/artworkroomgallery.com\/index.php?rest_route=\/wp\/v2\/pages\/451\/revisions\/462"}],"wp:attachment":[{"href":"https:\/\/artworkroomgallery.com\/index.php?rest_route=%2Fwp%2Fv2%2Fmedia&parent=451"}],"curies":[{"name":"wp","href":"https:\/\/api.w.org\/{rel}","templated":true}]}}